{"id":683,"date":"2024-03-14T20:47:12","date_gmt":"2024-03-14T20:47:12","guid":{"rendered":"https:\/\/latinosworkingforthefuture.org\/blog\/"},"modified":"2024-04-04T16:56:12","modified_gmt":"2024-04-04T16:56:12","slug":"blog","status":"publish","type":"page","link":"https:\/\/latinosworkingforthefuture.org\/es\/blog\/","title":{"rendered":"Blog"},"content":{"rendered":"\t\t<div data-elementor-type=\"wp-page\" data-elementor-id=\"683\" class=\"elementor elementor-683 elementor-49\" data-elementor-post-type=\"page\">\n\t\t\t\t\t\t<section class=\"elementor-section elementor-top-section elementor-element elementor-element-c5dc278 elementor-section-height-min-height elementor-section-boxed elementor-section-height-default elementor-section-items-middle\" data-id=\"c5dc278\" data-element_type=\"section\" data-e-type=\"section\" data-settings=\"{&quot;background_background&quot;:&quot;classic&quot;,&quot;shape_divider_bottom&quot;:&quot;triangle&quot;,&quot;shape_divider_bottom_negative&quot;:&quot;yes&quot;}\">\n\t\t\t\t\t\t\t<div class=\"elementor-background-overlay\"><\/div>\n\t\t\t\t\t\t<div class=\"elementor-shape elementor-shape-bottom\" aria-hidden=\"true\" data-negative=\"true\">\n\t\t\t<svg xmlns=\"http:\/\/www.w3.org\/2000\/svg\" viewBox=\"0 0 1000 100\" preserveAspectRatio=\"none\">\n\t<path class=\"elementor-shape-fill\" d=\"M500.2,94.7L0,0v100h1000V0L500.2,94.7z\"\/>\n<\/svg>\t\t<\/div>\n\t\t\t\t\t<div class=\"elementor-container elementor-column-gap-default\">\n\t\t\t\t\t<div class=\"elementor-column elementor-col-100 elementor-top-column elementor-element elementor-element-9174955\" data-id=\"9174955\" data-element_type=\"column\" data-e-type=\"column\">\n\t\t\t<div class=\"elementor-widget-wrap elementor-element-populated\">\n\t\t\t\t\t\t<section class=\"elementor-section elementor-inner-section elementor-element elementor-element-e234016 elementor-section-boxed elementor-section-height-default elementor-section-height-default elementor-invisible\" data-id=\"e234016\" data-element_type=\"section\" data-e-type=\"section\" data-settings=\"{&quot;animation&quot;:&quot;fadeInUp&quot;}\">\n\t\t\t\t\t\t<div class=\"elementor-container elementor-column-gap-default\">\n\t\t\t\t\t<div class=\"elementor-column elementor-col-100 elementor-inner-column elementor-element elementor-element-de851f5\" data-id=\"de851f5\" data-element_type=\"column\" data-e-type=\"column\">\n\t\t\t<div class=\"elementor-widget-wrap elementor-element-populated\">\n\t\t\t\t\t\t<div class=\"elementor-element elementor-element-4bcb9ee elementor-widget elementor-widget-heading\" data-id=\"4bcb9ee\" data-element_type=\"widget\" data-e-type=\"widget\" data-widget_type=\"heading.default\">\n\t\t\t\t<div class=\"elementor-widget-container\">\n\t\t\t\t\t<h1 class=\"elementor-heading-title elementor-size-default\">Blog<\/h1>\t\t\t\t<\/div>\n\t\t\t\t<\/div>\n\t\t\t\t\t<\/div>\n\t\t<\/div>\n\t\t\t\t\t<\/div>\n\t\t<\/section>\n\t\t\t\t\t<\/div>\n\t\t<\/div>\n\t\t\t\t\t<\/div>\n\t\t<\/section>\n\t\t\t\t<section class=\"elementor-section elementor-top-section elementor-element elementor-element-eaf2408 elementor-section-boxed elementor-section-height-default elementor-section-height-default\" data-id=\"eaf2408\" data-element_type=\"section\" data-e-type=\"section\">\n\t\t\t\t\t\t<div class=\"elementor-container elementor-column-gap-default\">\n\t\t\t\t\t<div class=\"elementor-column elementor-col-100 elementor-top-column elementor-element elementor-element-0983dcf\" data-id=\"0983dcf\" data-element_type=\"column\" data-e-type=\"column\">\n\t\t\t<div class=\"elementor-widget-wrap elementor-element-populated\">\n\t\t\t\t\t\t<section class=\"elementor-section elementor-inner-section elementor-element elementor-element-fd9281b animated-slow elementor-section-boxed elementor-section-height-default elementor-section-height-default elementor-invisible\" data-id=\"fd9281b\" data-element_type=\"section\" data-e-type=\"section\" data-settings=\"{&quot;animation&quot;:&quot;fadeInUp&quot;}\">\n\t\t\t\t\t\t<div class=\"elementor-container elementor-column-gap-default\">\n\t\t\t\t\t<div class=\"elementor-column elementor-col-100 elementor-inner-column elementor-element elementor-element-6561cf3\" data-id=\"6561cf3\" data-element_type=\"column\" data-e-type=\"column\">\n\t\t\t<div class=\"elementor-widget-wrap elementor-element-populated\">\n\t\t\t\t\t\t<div class=\"elementor-element elementor-element-e141b03 elementor-grid-3 elementor-grid-tablet-2 elementor-grid-mobile-1 elementor-widget elementor-widget-loop-grid\" data-id=\"e141b03\" data-element_type=\"widget\" data-e-type=\"widget\" data-settings=\"{&quot;template_id&quot;:251,&quot;_skin&quot;:&quot;post&quot;,&quot;columns&quot;:&quot;3&quot;,&quot;columns_tablet&quot;:&quot;2&quot;,&quot;columns_mobile&quot;:&quot;1&quot;,&quot;edit_handle_selector&quot;:&quot;[data-elementor-type=\\&quot;loop-item\\&quot;]&quot;,&quot;row_gap&quot;:{&quot;unit&quot;:&quot;px&quot;,&quot;size&quot;:&quot;&quot;,&quot;sizes&quot;:[]},&quot;row_gap_tablet&quot;:{&quot;unit&quot;:&quot;px&quot;,&quot;size&quot;:&quot;&quot;,&quot;sizes&quot;:[]},&quot;row_gap_mobile&quot;:{&quot;unit&quot;:&quot;px&quot;,&quot;size&quot;:&quot;&quot;,&quot;sizes&quot;:[]}}\" data-widget_type=\"loop-grid.post\">\n\t\t\t\t<div class=\"elementor-widget-container\">\n\t\t\t\t\t\t\t<div class=\"elementor-loop-container elementor-grid\" role=\"list\">\n\t\t<style id=\"loop-251\">.elementor-251 .elementor-element.elementor-element-5543fb4 img{border-radius:6px 6px 6px 6px;}.elementor-251 .elementor-element.elementor-element-196afd0 .elementor-heading-title{color:var( --e-global-color-484c0f3 );}.elementor-251 .elementor-element.elementor-element-5db5971 .elementor-button{fill:var( --e-global-color-c6c39c4 );color:var( --e-global-color-c6c39c4 );}.elementor-251 .elementor-element.elementor-element-5db5971 .elementor-button:hover, .elementor-251 .elementor-element.elementor-element-5db5971 .elementor-button:focus{color:var( --e-global-color-c6c39c4 );}.elementor-251 .elementor-element.elementor-element-5db5971 .elementor-button:hover svg, .elementor-251 .elementor-element.elementor-element-5db5971 .elementor-button:focus svg{fill:var( --e-global-color-c6c39c4 );}<\/style>\t\t<div data-elementor-type=\"loop-item\" data-elementor-id=\"251\" class=\"elementor elementor-251 e-loop-item e-loop-item-701 post-701 post type-post status-publish format-standard has-post-thumbnail hentry category-sin-categorizar\" data-elementor-post-type=\"elementor_library\" data-custom-edit-handle=\"1\">\n\t\t\t\t\t<section class=\"elementor-section elementor-top-section elementor-element elementor-element-50165ef elementor-section-boxed elementor-section-height-default elementor-section-height-default\" data-id=\"50165ef\" data-element_type=\"section\" data-e-type=\"section\">\n\t\t\t\t\t\t<div class=\"elementor-container elementor-column-gap-default\">\n\t\t\t\t\t<div class=\"elementor-column elementor-col-100 elementor-top-column elementor-element elementor-element-9cd2625\" data-id=\"9cd2625\" data-element_type=\"column\" data-e-type=\"column\">\n\t\t\t<div class=\"elementor-widget-wrap elementor-element-populated\">\n\t\t\t\t\t\t<div class=\"elementor-element elementor-element-5543fb4 elementor-widget elementor-widget-theme-post-featured-image elementor-widget-image\" data-id=\"5543fb4\" data-element_type=\"widget\" data-e-type=\"widget\" data-widget_type=\"theme-post-featured-image.default\">\n\t\t\t\t<div class=\"elementor-widget-container\">\n\t\t\t\t\t\t\t\t\t\t\t\t\t\t\t<img fetchpriority=\"high\" decoding=\"async\" width=\"800\" height=\"533\" src=\"https:\/\/latinosworkingforthefuture.org\/wp-content\/uploads\/2024\/03\/LWFTF_Blog_3.jpg\" class=\"attachment-large size-large wp-image-577\" alt=\"\" srcset=\"https:\/\/latinosworkingforthefuture.org\/wp-content\/uploads\/2024\/03\/LWFTF_Blog_3.jpg 800w, https:\/\/latinosworkingforthefuture.org\/wp-content\/uploads\/2024\/03\/LWFTF_Blog_3-300x200.jpg 300w, https:\/\/latinosworkingforthefuture.org\/wp-content\/uploads\/2024\/03\/LWFTF_Blog_3-600x400.jpg 600w, https:\/\/latinosworkingforthefuture.org\/wp-content\/uploads\/2024\/03\/LWFTF_Blog_3-768x512.jpg 768w\" sizes=\"(max-width: 800px) 100vw, 800px\" \/>\t\t\t\t\t\t\t\t\t\t\t\t\t\t\t<\/div>\n\t\t\t\t<\/div>\n\t\t\t\t<div class=\"elementor-element elementor-element-196afd0 elementor-widget elementor-widget-theme-post-title elementor-page-title elementor-widget-heading\" data-id=\"196afd0\" data-element_type=\"widget\" data-e-type=\"widget\" data-widget_type=\"theme-post-title.default\">\n\t\t\t\t<div class=\"elementor-widget-container\">\n\t\t\t\t\t<h3 class=\"elementor-heading-title elementor-size-default\">Reuni\u00f3n de membres\u00eda de abril<\/h3>\t\t\t\t<\/div>\n\t\t\t\t<\/div>\n\t\t\t\t<div class=\"elementor-element elementor-element-abe5969 elementor-widget elementor-widget-theme-post-excerpt\" data-id=\"abe5969\" data-element_type=\"widget\" data-e-type=\"widget\" data-widget_type=\"theme-post-excerpt.default\">\n\t\t\t\t<div class=\"elementor-widget-container\">\n\t\t\t\t\tLatinos Working for the Future celebra reuniones de membres\u00eda trimestrales a las que la comunidad puede asistir para conocer la misi\u00f3n de la LWFTF y conectarse con los miembros de la junta, compartir comentarios, aprender c\u00f3mo participar y estar al tanto de los proyectos actuales. \u00danase a nosotros el 7 de mayo a las 11:00 a. m. en The Coffee Factory para conectarse. \u00a1Involucrarse!\t\t\t\t<\/div>\n\t\t\t\t<\/div>\n\t\t\t\t<div class=\"elementor-element elementor-element-5db5971 elementor-widget elementor-widget-button\" data-id=\"5db5971\" data-element_type=\"widget\" data-e-type=\"widget\" data-widget_type=\"button.default\">\n\t\t\t\t<div class=\"elementor-widget-container\">\n\t\t\t\t\t\t\t\t\t<div class=\"elementor-button-wrapper\">\n\t\t\t\t\t<a class=\"elementor-button elementor-button-link elementor-size-sm\" href=\"https:\/\/latinosworkingforthefuture.org\/es\/2023\/03\/reunion-de-membresia-de-abril\/\">\n\t\t\t\t\t\t<span class=\"elementor-button-content-wrapper\">\n\t\t\t\t\t\t\t\t\t<span class=\"elementor-button-text\">Read More<\/span>\n\t\t\t\t\t<\/span>\n\t\t\t\t\t<\/a>\n\t\t\t\t<\/div>\n\t\t\t\t\t\t\t\t<\/div>\n\t\t\t\t<\/div>\n\t\t\t\t\t<\/div>\n\t\t<\/div>\n\t\t\t\t\t<\/div>\n\t\t<\/section>\n\t\t\t\t<\/div>\n\t\t\t\t<div data-elementor-type=\"loop-item\" data-elementor-id=\"251\" class=\"elementor elementor-251 e-loop-item e-loop-item-702 post-702 post type-post status-publish format-standard has-post-thumbnail hentry category-sin-categorizar\" data-elementor-post-type=\"elementor_library\" data-custom-edit-handle=\"1\">\n\t\t\t\t\t<section class=\"elementor-section elementor-top-section elementor-element elementor-element-50165ef elementor-section-boxed elementor-section-height-default elementor-section-height-default\" data-id=\"50165ef\" data-element_type=\"section\" data-e-type=\"section\">\n\t\t\t\t\t\t<div class=\"elementor-container elementor-column-gap-default\">\n\t\t\t\t\t<div class=\"elementor-column elementor-col-100 elementor-top-column elementor-element elementor-element-9cd2625\" data-id=\"9cd2625\" data-element_type=\"column\" data-e-type=\"column\">\n\t\t\t<div class=\"elementor-widget-wrap elementor-element-populated\">\n\t\t\t\t\t\t<div class=\"elementor-element elementor-element-5543fb4 elementor-widget elementor-widget-theme-post-featured-image elementor-widget-image\" data-id=\"5543fb4\" data-element_type=\"widget\" data-e-type=\"widget\" data-widget_type=\"theme-post-featured-image.default\">\n\t\t\t\t<div class=\"elementor-widget-container\">\n\t\t\t\t\t\t\t\t\t\t\t\t\t\t\t<img decoding=\"async\" width=\"800\" height=\"533\" src=\"https:\/\/latinosworkingforthefuture.org\/wp-content\/uploads\/2023\/03\/LWFTF_Blog_2.jpg\" class=\"attachment-large size-large wp-image-576\" alt=\"\" srcset=\"https:\/\/latinosworkingforthefuture.org\/wp-content\/uploads\/2023\/03\/LWFTF_Blog_2.jpg 800w, https:\/\/latinosworkingforthefuture.org\/wp-content\/uploads\/2023\/03\/LWFTF_Blog_2-300x200.jpg 300w, https:\/\/latinosworkingforthefuture.org\/wp-content\/uploads\/2023\/03\/LWFTF_Blog_2-600x400.jpg 600w, https:\/\/latinosworkingforthefuture.org\/wp-content\/uploads\/2023\/03\/LWFTF_Blog_2-768x512.jpg 768w\" sizes=\"(max-width: 800px) 100vw, 800px\" \/>\t\t\t\t\t\t\t\t\t\t\t\t\t\t\t<\/div>\n\t\t\t\t<\/div>\n\t\t\t\t<div class=\"elementor-element elementor-element-196afd0 elementor-widget elementor-widget-theme-post-title elementor-page-title elementor-widget-heading\" data-id=\"196afd0\" data-element_type=\"widget\" data-e-type=\"widget\" data-widget_type=\"theme-post-title.default\">\n\t\t\t\t<div class=\"elementor-widget-container\">\n\t\t\t\t\t<h3 class=\"elementor-heading-title elementor-size-default\">Reuni\u00f3n de miembros de marzo<\/h3>\t\t\t\t<\/div>\n\t\t\t\t<\/div>\n\t\t\t\t<div class=\"elementor-element elementor-element-abe5969 elementor-widget elementor-widget-theme-post-excerpt\" data-id=\"abe5969\" data-element_type=\"widget\" data-e-type=\"widget\" data-widget_type=\"theme-post-excerpt.default\">\n\t\t\t\t<div class=\"elementor-widget-container\">\n\t\t\t\t\tLatinos Working for the Future celebra reuniones de miembros trimestrales a las que la comunidad puede asistir para conocer la misi\u00f3n de la LWFTF, conectarse con los miembros de la junta, compartir comentarios, aprender c\u00f3mo participar y estar al tanto de los proyectos actuales.\t\t\t\t<\/div>\n\t\t\t\t<\/div>\n\t\t\t\t<div class=\"elementor-element elementor-element-5db5971 elementor-widget elementor-widget-button\" data-id=\"5db5971\" data-element_type=\"widget\" data-e-type=\"widget\" data-widget_type=\"button.default\">\n\t\t\t\t<div class=\"elementor-widget-container\">\n\t\t\t\t\t\t\t\t\t<div class=\"elementor-button-wrapper\">\n\t\t\t\t\t<a class=\"elementor-button elementor-button-link elementor-size-sm\" href=\"https:\/\/latinosworkingforthefuture.org\/es\/2023\/03\/reunion-de-miembros-de-marzo\/\">\n\t\t\t\t\t\t<span class=\"elementor-button-content-wrapper\">\n\t\t\t\t\t\t\t\t\t<span class=\"elementor-button-text\">Read More<\/span>\n\t\t\t\t\t<\/span>\n\t\t\t\t\t<\/a>\n\t\t\t\t<\/div>\n\t\t\t\t\t\t\t\t<\/div>\n\t\t\t\t<\/div>\n\t\t\t\t\t<\/div>\n\t\t<\/div>\n\t\t\t\t\t<\/div>\n\t\t<\/section>\n\t\t\t\t<\/div>\n\t\t\t\t<div data-elementor-type=\"loop-item\" data-elementor-id=\"251\" class=\"elementor elementor-251 e-loop-item e-loop-item-703 post-703 post type-post status-publish format-standard has-post-thumbnail hentry category-sin-categorizar\" data-elementor-post-type=\"elementor_library\" data-custom-edit-handle=\"1\">\n\t\t\t\t\t<section class=\"elementor-section elementor-top-section elementor-element elementor-element-50165ef elementor-section-boxed elementor-section-height-default elementor-section-height-default\" data-id=\"50165ef\" data-element_type=\"section\" data-e-type=\"section\">\n\t\t\t\t\t\t<div class=\"elementor-container elementor-column-gap-default\">\n\t\t\t\t\t<div class=\"elementor-column elementor-col-100 elementor-top-column elementor-element elementor-element-9cd2625\" data-id=\"9cd2625\" data-element_type=\"column\" data-e-type=\"column\">\n\t\t\t<div class=\"elementor-widget-wrap elementor-element-populated\">\n\t\t\t\t\t\t<div class=\"elementor-element elementor-element-5543fb4 elementor-widget elementor-widget-theme-post-featured-image elementor-widget-image\" data-id=\"5543fb4\" data-element_type=\"widget\" data-e-type=\"widget\" data-widget_type=\"theme-post-featured-image.default\">\n\t\t\t\t<div class=\"elementor-widget-container\">\n\t\t\t\t\t\t\t\t\t\t\t\t\t\t\t<img decoding=\"async\" width=\"768\" height=\"1024\" src=\"https:\/\/latinosworkingforthefuture.org\/wp-content\/uploads\/2023\/02\/HLCOM-Luncheon-with-ED-2-768x1024.jpeg\" class=\"attachment-large size-large wp-image-871\" alt=\"\" srcset=\"https:\/\/latinosworkingforthefuture.org\/wp-content\/uploads\/2023\/02\/HLCOM-Luncheon-with-ED-2-768x1024.jpeg 768w, https:\/\/latinosworkingforthefuture.org\/wp-content\/uploads\/2023\/02\/HLCOM-Luncheon-with-ED-2-225x300.jpeg 225w, https:\/\/latinosworkingforthefuture.org\/wp-content\/uploads\/2023\/02\/HLCOM-Luncheon-with-ED-2-1152x1536.jpeg 1152w, https:\/\/latinosworkingforthefuture.org\/wp-content\/uploads\/2023\/02\/HLCOM-Luncheon-with-ED-2-300x400.jpeg 300w, https:\/\/latinosworkingforthefuture.org\/wp-content\/uploads\/2023\/02\/HLCOM-Luncheon-with-ED-2-600x800.jpeg 600w, https:\/\/latinosworkingforthefuture.org\/wp-content\/uploads\/2023\/02\/HLCOM-Luncheon-with-ED-2.jpeg 1536w\" sizes=\"(max-width: 768px) 100vw, 768px\" \/>\t\t\t\t\t\t\t\t\t\t\t\t\t\t\t<\/div>\n\t\t\t\t<\/div>\n\t\t\t\t<div class=\"elementor-element elementor-element-196afd0 elementor-widget elementor-widget-theme-post-title elementor-page-title elementor-widget-heading\" data-id=\"196afd0\" data-element_type=\"widget\" data-e-type=\"widget\" data-widget_type=\"theme-post-title.default\">\n\t\t\t\t<div class=\"elementor-widget-container\">\n\t\t\t\t\t<h3 class=\"elementor-heading-title elementor-size-default\">Almuerzo con la Dra. Isabel Montamayor, directora ejecutiva de la Comisi\u00f3n Hispana Latina de Michigan<\/h3>\t\t\t\t<\/div>\n\t\t\t\t<\/div>\n\t\t\t\t<div class=\"elementor-element elementor-element-abe5969 elementor-widget elementor-widget-theme-post-excerpt\" data-id=\"abe5969\" data-element_type=\"widget\" data-e-type=\"widget\" data-widget_type=\"theme-post-excerpt.default\">\n\t\t\t\t<div class=\"elementor-widget-container\">\n\t\t\t\t\tLa Comisi\u00f3n Hispana Latina de Michigan se esfuerza por comercializar los servicios de desarrollo profesional del estado para los hispanos de Michigan, fomentar iniciativas para reducir las tasas de deserci\u00f3n escolar de los j\u00f3venes hispanos en la escuela secundaria y facilitar los esfuerzos para aumentar la inscripci\u00f3n de hispanos en programas de educaci\u00f3n y capacitaci\u00f3n postsecundaria. HLCOM tiene patrocinios y becas disponibles para Michigan.\t\t\t\t<\/div>\n\t\t\t\t<\/div>\n\t\t\t\t<div class=\"elementor-element elementor-element-5db5971 elementor-widget elementor-widget-button\" data-id=\"5db5971\" data-element_type=\"widget\" data-e-type=\"widget\" data-widget_type=\"button.default\">\n\t\t\t\t<div class=\"elementor-widget-container\">\n\t\t\t\t\t\t\t\t\t<div class=\"elementor-button-wrapper\">\n\t\t\t\t\t<a class=\"elementor-button elementor-button-link elementor-size-sm\" href=\"https:\/\/latinosworkingforthefuture.org\/es\/2023\/02\/almuerzo-con-la-dra-isabel-montamayor-directora-ejecutiva-de-la-comision-hispana-latina-de-michigan\/\">\n\t\t\t\t\t\t<span class=\"elementor-button-content-wrapper\">\n\t\t\t\t\t\t\t\t\t<span class=\"elementor-button-text\">Read More<\/span>\n\t\t\t\t\t<\/span>\n\t\t\t\t\t<\/a>\n\t\t\t\t<\/div>\n\t\t\t\t\t\t\t\t<\/div>\n\t\t\t\t<\/div>\n\t\t\t\t\t<\/div>\n\t\t<\/div>\n\t\t\t\t\t<\/div>\n\t\t<\/section>\n\t\t\t\t<\/div>\n\t\t\t\t<\/div>\n\t\t\n\t\t\t\t\t\t<\/div>\n\t\t\t\t<\/div>\n\t\t\t\t\t<\/div>\n\t\t<\/div>\n\t\t\t\t\t<\/div>\n\t\t<\/section>\n\t\t\t\t\t<\/div>\n\t\t<\/div>\n\t\t\t\t\t<\/div>\n\t\t<\/section>\n\t\t\t\t<\/div>\n\t\t","protected":false},"excerpt":{"rendered":"<p>Blog<\/p>\n","protected":false},"author":1,"featured_media":0,"parent":0,"menu_order":0,"comment_status":"closed","ping_status":"closed","template":"elementor_header_footer","meta":{"_price":"","_stock":"","_tribe_ticket_header":"","_tribe_default_ticket_provider":"","_ticket_start_date":"","_ticket_end_date":"","_tribe_ticket_show_description":"","_tribe_ticket_show_not_going":false,"_tribe_ticket_use_global_stock":"","_tribe_ticket_global_stock_level":"","_global_stock_mode":"","_global_stock_cap":"","_tribe_rsvp_for_event":"","_tribe_ticket_going_count":"","_tribe_ticket_not_going_count":"","_tribe_tickets_list":"[]","_tribe_ticket_has_attendee_info_fields":false,"footnotes":""},"class_list":["post-683","page","type-page","status-publish","hentry"],"yoast_head":"<!-- This site is optimized with the Yoast SEO plugin v27.4 - https:\/\/yoast.com\/product\/yoast-seo-wordpress\/ -->\n<title>Blog - Latinos Working For The Future<\/title>\n<meta name=\"robots\" content=\"index, follow, max-snippet:-1, max-image-preview:large, max-video-preview:-1\" \/>\n<link rel=\"canonical\" href=\"https:\/\/latinosworkingforthefuture.org\/blog\/\" \/>\n<meta property=\"og:locale\" content=\"es_ES\" \/>\n<meta property=\"og:type\" content=\"article\" \/>\n<meta property=\"og:title\" content=\"Blog - Latinos Working For The Future\" \/>\n<meta property=\"og:description\" content=\"Blog\" \/>\n<meta property=\"og:url\" content=\"https:\/\/latinosworkingforthefuture.org\/blog\/\" \/>\n<meta property=\"og:site_name\" content=\"Latinos Working For The Future\" \/>\n<meta property=\"article:modified_time\" content=\"2024-04-04T16:56:12+00:00\" \/>\n<meta name=\"twitter:card\" content=\"summary_large_image\" \/>\n<script type=\"application\/ld+json\" class=\"yoast-schema-graph\">{\"@context\":\"https:\\\/\\\/schema.org\",\"@graph\":[{\"@type\":\"WebPage\",\"@id\":\"https:\\\/\\\/latinosworkingforthefuture.org\\\/blog\\\/\",\"url\":\"https:\\\/\\\/latinosworkingforthefuture.org\\\/blog\\\/\",\"name\":\"Blog - Latinos Working For The Future\",\"isPartOf\":{\"@id\":\"https:\\\/\\\/latinosworkingforthefuture.org\\\/#website\"},\"datePublished\":\"2024-03-14T20:47:12+00:00\",\"dateModified\":\"2024-04-04T16:56:12+00:00\",\"breadcrumb\":{\"@id\":\"https:\\\/\\\/latinosworkingforthefuture.org\\\/blog\\\/#breadcrumb\"},\"inLanguage\":\"es\",\"potentialAction\":[{\"@type\":\"ReadAction\",\"target\":[\"https:\\\/\\\/latinosworkingforthefuture.org\\\/blog\\\/\"]}]},{\"@type\":\"BreadcrumbList\",\"@id\":\"https:\\\/\\\/latinosworkingforthefuture.org\\\/blog\\\/#breadcrumb\",\"itemListElement\":[{\"@type\":\"ListItem\",\"position\":1,\"name\":\"Home\",\"item\":\"https:\\\/\\\/latinosworkingforthefuture.org\\\/\"},{\"@type\":\"ListItem\",\"position\":2,\"name\":\"Blog\"}]},{\"@type\":\"WebSite\",\"@id\":\"https:\\\/\\\/latinosworkingforthefuture.org\\\/#website\",\"url\":\"https:\\\/\\\/latinosworkingforthefuture.org\\\/\",\"name\":\"Latinos Working For The Future\",\"description\":\"\",\"publisher\":{\"@id\":\"https:\\\/\\\/latinosworkingforthefuture.org\\\/#organization\"},\"potentialAction\":[{\"@type\":\"SearchAction\",\"target\":{\"@type\":\"EntryPoint\",\"urlTemplate\":\"https:\\\/\\\/latinosworkingforthefuture.org\\\/?s={search_term_string}\"},\"query-input\":{\"@type\":\"PropertyValueSpecification\",\"valueRequired\":true,\"valueName\":\"search_term_string\"}}],\"inLanguage\":\"es\"},{\"@type\":\"Organization\",\"@id\":\"https:\\\/\\\/latinosworkingforthefuture.org\\\/#organization\",\"name\":\"Latinos Working For The Future\",\"url\":\"https:\\\/\\\/latinosworkingforthefuture.org\\\/\",\"logo\":{\"@type\":\"ImageObject\",\"inLanguage\":\"es\",\"@id\":\"https:\\\/\\\/latinosworkingforthefuture.org\\\/#\\\/schema\\\/logo\\\/image\\\/\",\"url\":\"https:\\\/\\\/latinosworkingforthefuture.org\\\/wp-content\\\/uploads\\\/2024\\\/03\\\/LWFTF_Logo-1.jpg\",\"contentUrl\":\"https:\\\/\\\/latinosworkingforthefuture.org\\\/wp-content\\\/uploads\\\/2024\\\/03\\\/LWFTF_Logo-1.jpg\",\"width\":600,\"height\":256,\"caption\":\"Latinos Working For The Future\"},\"image\":{\"@id\":\"https:\\\/\\\/latinosworkingforthefuture.org\\\/#\\\/schema\\\/logo\\\/image\\\/\"}}]}<\/script>\n<!-- \/ Yoast SEO plugin. -->","yoast_head_json":{"title":"Blog - Latinos Working For The Future","robots":{"index":"index","follow":"follow","max-snippet":"max-snippet:-1","max-image-preview":"max-image-preview:large","max-video-preview":"max-video-preview:-1"},"canonical":"https:\/\/latinosworkingforthefuture.org\/blog\/","og_locale":"es_ES","og_type":"article","og_title":"Blog - Latinos Working For The Future","og_description":"Blog","og_url":"https:\/\/latinosworkingforthefuture.org\/blog\/","og_site_name":"Latinos Working For The Future","article_modified_time":"2024-04-04T16:56:12+00:00","twitter_card":"summary_large_image","schema":{"@context":"https:\/\/schema.org","@graph":[{"@type":"WebPage","@id":"https:\/\/latinosworkingforthefuture.org\/blog\/","url":"https:\/\/latinosworkingforthefuture.org\/blog\/","name":"Blog - Latinos Working For The Future","isPartOf":{"@id":"https:\/\/latinosworkingforthefuture.org\/#website"},"datePublished":"2024-03-14T20:47:12+00:00","dateModified":"2024-04-04T16:56:12+00:00","breadcrumb":{"@id":"https:\/\/latinosworkingforthefuture.org\/blog\/#breadcrumb"},"inLanguage":"es","potentialAction":[{"@type":"ReadAction","target":["https:\/\/latinosworkingforthefuture.org\/blog\/"]}]},{"@type":"BreadcrumbList","@id":"https:\/\/latinosworkingforthefuture.org\/blog\/#breadcrumb","itemListElement":[{"@type":"ListItem","position":1,"name":"Home","item":"https:\/\/latinosworkingforthefuture.org\/"},{"@type":"ListItem","position":2,"name":"Blog"}]},{"@type":"WebSite","@id":"https:\/\/latinosworkingforthefuture.org\/#website","url":"https:\/\/latinosworkingforthefuture.org\/","name":"Latinos Working For The Future","description":"","publisher":{"@id":"https:\/\/latinosworkingforthefuture.org\/#organization"},"potentialAction":[{"@type":"SearchAction","target":{"@type":"EntryPoint","urlTemplate":"https:\/\/latinosworkingforthefuture.org\/?s={search_term_string}"},"query-input":{"@type":"PropertyValueSpecification","valueRequired":true,"valueName":"search_term_string"}}],"inLanguage":"es"},{"@type":"Organization","@id":"https:\/\/latinosworkingforthefuture.org\/#organization","name":"Latinos Working For The Future","url":"https:\/\/latinosworkingforthefuture.org\/","logo":{"@type":"ImageObject","inLanguage":"es","@id":"https:\/\/latinosworkingforthefuture.org\/#\/schema\/logo\/image\/","url":"https:\/\/latinosworkingforthefuture.org\/wp-content\/uploads\/2024\/03\/LWFTF_Logo-1.jpg","contentUrl":"https:\/\/latinosworkingforthefuture.org\/wp-content\/uploads\/2024\/03\/LWFTF_Logo-1.jpg","width":600,"height":256,"caption":"Latinos Working For The Future"},"image":{"@id":"https:\/\/latinosworkingforthefuture.org\/#\/schema\/logo\/image\/"}}]}},"_links":{"self":[{"href":"https:\/\/latinosworkingforthefuture.org\/es\/wp-json\/wp\/v2\/pages\/683","targetHints":{"allow":["GET"]}}],"collection":[{"href":"https:\/\/latinosworkingforthefuture.org\/es\/wp-json\/wp\/v2\/pages"}],"about":[{"href":"https:\/\/latinosworkingforthefuture.org\/es\/wp-json\/wp\/v2\/types\/page"}],"author":[{"embeddable":true,"href":"https:\/\/latinosworkingforthefuture.org\/es\/wp-json\/wp\/v2\/users\/1"}],"replies":[{"embeddable":true,"href":"https:\/\/latinosworkingforthefuture.org\/es\/wp-json\/wp\/v2\/comments?post=683"}],"version-history":[{"count":1,"href":"https:\/\/latinosworkingforthefuture.org\/es\/wp-json\/wp\/v2\/pages\/683\/revisions"}],"predecessor-version":[{"id":794,"href":"https:\/\/latinosworkingforthefuture.org\/es\/wp-json\/wp\/v2\/pages\/683\/revisions\/794"}],"wp:attachment":[{"href":"https:\/\/latinosworkingforthefuture.org\/es\/wp-json\/wp\/v2\/media?parent=683"}],"curies":[{"name":"wp","href":"https:\/\/api.w.org\/{rel}","templated":true}]}}