{"id":783,"date":"2024-03-26T11:47:48","date_gmt":"2024-03-26T11:47:48","guid":{"rendered":"https:\/\/latinosworkingforthefuture.org\/product\/un-nuevo-hogar-en-michigan-la-experiencia-mexicano-estadounidense-en-muskegon\/"},"modified":"2024-04-04T17:11:54","modified_gmt":"2024-04-04T17:11:54","slug":"un-nuevo-hogar-en-michigan-la-experiencia-mexicano-estadounidense-en-muskegon","status":"publish","type":"product","link":"https:\/\/latinosworkingforthefuture.org\/es\/producto\/un-nuevo-hogar-en-michigan-la-experiencia-mexicano-estadounidense-en-muskegon\/","title":{"rendered":"Un nuevo hogar en Michigan: la experiencia mexicano-estadounidense en Muskegon"},"content":{"rendered":"<p><strong>Por Daniel J. Yakes, Ph.D. y Connie Navarro<\/strong><\/p>\n<p>Este libro comenz\u00f3 como un proyecto de historia oral realizado en 2007 y 2008 cuyo objetivo era documentar las reubicaciones de los mexicanos y mexicano-estadounidenses que vivieron en o cerca del Proyecto de Vivienda Ryerson Heights durante la Segunda Guerra Mundial y los a\u00f1os inmediatamente posteriores. La conoc\u00edan como La Colonia, su peque\u00f1a colonia, ubicada en un lugar nuevo y extra\u00f1o llamado Muskegon, Michigan. Las entrevistas revelaron la intensidad de personas reales que intentaban alcanzar el sue\u00f1o americano en una ciudad industrial de vanguardia. Durante los a\u00f1os transcurridos desde que se realizaron esas entrevistas, el alcance y el dise\u00f1o del proyecto se han ampliado enormemente. Ahora intentamos contar la historia de los mexicanos y mexicano-estadounidenses en el \u00e1rea de Muskegon desde principios del siglo XX hasta el presente.<\/p>\n<p>Una donaci\u00f3n de $30 y las ganancias se destinar\u00e1n a beneficiar a los latinos que trabajan para el futuro.<\/p>\n","protected":false},"excerpt":{"rendered":"<p>Por Daniel J. Yakes, Ph.D. y Connie Navarro Este libro comenz\u00f3 como un proyecto de historia oral realizado en 2007 y 2008 cuyo objetivo era documentar las reubicaciones de los [&hellip;]<\/p>\n","protected":false},"featured_media":579,"template":"","meta":{"_price":"30","_stock":"","_tribe_ticket_header":"","_tribe_default_ticket_provider":"","_ticket_start_date":"","_ticket_end_date":"","_tribe_ticket_show_description":"","_tribe_ticket_show_not_going":false,"_tribe_ticket_use_global_stock":"","_tribe_ticket_global_stock_level":"","_global_stock_mode":"","_global_stock_cap":"","_tribe_rsvp_for_event":"","_tribe_ticket_going_count":"","_tribe_ticket_not_going_count":"","_tribe_tickets_list":"[]","_tribe_ticket_has_attendee_info_fields":false,"_tec_slr_enabled":"","_tec_slr_layout":""},"product_brand":[],"product_cat":[38],"product_tag":[],"class_list":{"0":"post-783","1":"product","2":"type-product","3":"status-publish","4":"has-post-thumbnail","6":"product_cat-libro","7":"product_shipping_class-libro","9":"first","10":"instock","11":"shipping-taxable","12":"purchasable","13":"product-type-simple"},"yoast_head":"<!-- This site is optimized with the Yoast SEO plugin v27.4 - https:\/\/yoast.com\/product\/yoast-seo-wordpress\/ -->\n<title>Un nuevo hogar en Michigan: la experiencia mexicano-estadounidense en Muskegon - Latinos Working For The Future<\/title>\n<meta name=\"robots\" content=\"index, follow, max-snippet:-1, max-image-preview:large, max-video-preview:-1\" \/>\n<link rel=\"canonical\" href=\"https:\/\/latinosworkingforthefuture.org\/producto\/a-new-home-in-michigan-the-mexican-american-experience-in-muskegon\/\" \/>\n<meta property=\"og:locale\" content=\"es_ES\" \/>\n<meta property=\"og:type\" content=\"article\" \/>\n<meta property=\"og:title\" content=\"Un nuevo hogar en Michigan: la experiencia mexicano-estadounidense en Muskegon - Latinos Working For The Future\" \/>\n<meta property=\"og:description\" content=\"Por Daniel J. Yakes, Ph.D. y Connie Navarro Este libro comenz\u00f3 como un proyecto de historia oral realizado en 2007 y 2008 cuyo objetivo era documentar las reubicaciones de los [&hellip;]\" \/>\n<meta property=\"og:url\" content=\"https:\/\/latinosworkingforthefuture.org\/producto\/a-new-home-in-michigan-the-mexican-american-experience-in-muskegon\/\" \/>\n<meta property=\"og:site_name\" content=\"Latinos Working For The Future\" \/>\n<meta property=\"article:modified_time\" content=\"2024-04-04T17:11:54+00:00\" \/>\n<meta property=\"og:image\" content=\"https:\/\/latinosworkingforthefuture.org\/wp-content\/uploads\/2024\/03\/LWFTF_Shop_Book.jpg\" \/>\n\t<meta property=\"og:image:width\" content=\"800\" \/>\n\t<meta property=\"og:image:height\" content=\"961\" \/>\n\t<meta property=\"og:image:type\" content=\"image\/jpeg\" \/>\n<meta name=\"twitter:card\" content=\"summary_large_image\" \/>\n<meta name=\"twitter:label1\" content=\"Tiempo de lectura\" \/>\n\t<meta name=\"twitter:data1\" content=\"1 minuto\" \/>\n<script type=\"application\/ld+json\" class=\"yoast-schema-graph\">{\"@context\":\"https:\\\/\\\/schema.org\",\"@graph\":[{\"@type\":\"WebPage\",\"@id\":\"https:\\\/\\\/latinosworkingforthefuture.org\\\/producto\\\/a-new-home-in-michigan-the-mexican-american-experience-in-muskegon\\\/\",\"url\":\"https:\\\/\\\/latinosworkingforthefuture.org\\\/producto\\\/a-new-home-in-michigan-the-mexican-american-experience-in-muskegon\\\/\",\"name\":\"Un nuevo hogar en Michigan: la experiencia mexicano-estadounidense en Muskegon - Latinos Working For The Future\",\"isPartOf\":{\"@id\":\"https:\\\/\\\/latinosworkingforthefuture.org\\\/#website\"},\"primaryImageOfPage\":{\"@id\":\"https:\\\/\\\/latinosworkingforthefuture.org\\\/producto\\\/a-new-home-in-michigan-the-mexican-american-experience-in-muskegon\\\/#primaryimage\"},\"image\":{\"@id\":\"https:\\\/\\\/latinosworkingforthefuture.org\\\/producto\\\/a-new-home-in-michigan-the-mexican-american-experience-in-muskegon\\\/#primaryimage\"},\"thumbnailUrl\":\"https:\\\/\\\/latinosworkingforthefuture.org\\\/wp-content\\\/uploads\\\/2024\\\/03\\\/LWFTF_Shop_Book.jpg\",\"datePublished\":\"2024-03-26T11:47:48+00:00\",\"dateModified\":\"2024-04-04T17:11:54+00:00\",\"breadcrumb\":{\"@id\":\"https:\\\/\\\/latinosworkingforthefuture.org\\\/producto\\\/a-new-home-in-michigan-the-mexican-american-experience-in-muskegon\\\/#breadcrumb\"},\"inLanguage\":\"es\",\"potentialAction\":[{\"@type\":\"ReadAction\",\"target\":[\"https:\\\/\\\/latinosworkingforthefuture.org\\\/producto\\\/a-new-home-in-michigan-the-mexican-american-experience-in-muskegon\\\/\"]}]},{\"@type\":\"ImageObject\",\"inLanguage\":\"es\",\"@id\":\"https:\\\/\\\/latinosworkingforthefuture.org\\\/producto\\\/a-new-home-in-michigan-the-mexican-american-experience-in-muskegon\\\/#primaryimage\",\"url\":\"https:\\\/\\\/latinosworkingforthefuture.org\\\/wp-content\\\/uploads\\\/2024\\\/03\\\/LWFTF_Shop_Book.jpg\",\"contentUrl\":\"https:\\\/\\\/latinosworkingforthefuture.org\\\/wp-content\\\/uploads\\\/2024\\\/03\\\/LWFTF_Shop_Book.jpg\",\"width\":800,\"height\":961,\"caption\":\"LWFTF Shop Book\"},{\"@type\":\"BreadcrumbList\",\"@id\":\"https:\\\/\\\/latinosworkingforthefuture.org\\\/producto\\\/a-new-home-in-michigan-the-mexican-american-experience-in-muskegon\\\/#breadcrumb\",\"itemListElement\":[{\"@type\":\"ListItem\",\"position\":1,\"name\":\"Home\",\"item\":\"https:\\\/\\\/latinosworkingforthefuture.org\\\/\"},{\"@type\":\"ListItem\",\"position\":2,\"name\":\"Shop\",\"item\":\"https:\\\/\\\/latinosworkingforthefuture.org\\\/shop\\\/\"},{\"@type\":\"ListItem\",\"position\":3,\"name\":\"Un nuevo hogar en Michigan: la experiencia mexicano-estadounidense en Muskegon\"}]},{\"@type\":\"WebSite\",\"@id\":\"https:\\\/\\\/latinosworkingforthefuture.org\\\/#website\",\"url\":\"https:\\\/\\\/latinosworkingforthefuture.org\\\/\",\"name\":\"Latinos Working For The Future\",\"description\":\"\",\"publisher\":{\"@id\":\"https:\\\/\\\/latinosworkingforthefuture.org\\\/#organization\"},\"potentialAction\":[{\"@type\":\"SearchAction\",\"target\":{\"@type\":\"EntryPoint\",\"urlTemplate\":\"https:\\\/\\\/latinosworkingforthefuture.org\\\/?s={search_term_string}\"},\"query-input\":{\"@type\":\"PropertyValueSpecification\",\"valueRequired\":true,\"valueName\":\"search_term_string\"}}],\"inLanguage\":\"es\"},{\"@type\":\"Organization\",\"@id\":\"https:\\\/\\\/latinosworkingforthefuture.org\\\/#organization\",\"name\":\"Latinos Working For The Future\",\"url\":\"https:\\\/\\\/latinosworkingforthefuture.org\\\/\",\"logo\":{\"@type\":\"ImageObject\",\"inLanguage\":\"es\",\"@id\":\"https:\\\/\\\/latinosworkingforthefuture.org\\\/#\\\/schema\\\/logo\\\/image\\\/\",\"url\":\"https:\\\/\\\/latinosworkingforthefuture.org\\\/wp-content\\\/uploads\\\/2024\\\/03\\\/LWFTF_Logo-1.jpg\",\"contentUrl\":\"https:\\\/\\\/latinosworkingforthefuture.org\\\/wp-content\\\/uploads\\\/2024\\\/03\\\/LWFTF_Logo-1.jpg\",\"width\":600,\"height\":256,\"caption\":\"Latinos Working For The Future\"},\"image\":{\"@id\":\"https:\\\/\\\/latinosworkingforthefuture.org\\\/#\\\/schema\\\/logo\\\/image\\\/\"}}]}<\/script>\n<!-- \/ Yoast SEO plugin. -->","yoast_head_json":{"title":"Un nuevo hogar en Michigan: la experiencia mexicano-estadounidense en Muskegon - Latinos Working For The Future","robots":{"index":"index","follow":"follow","max-snippet":"max-snippet:-1","max-image-preview":"max-image-preview:large","max-video-preview":"max-video-preview:-1"},"canonical":"https:\/\/latinosworkingforthefuture.org\/producto\/a-new-home-in-michigan-the-mexican-american-experience-in-muskegon\/","og_locale":"es_ES","og_type":"article","og_title":"Un nuevo hogar en Michigan: la experiencia mexicano-estadounidense en Muskegon - Latinos Working For The Future","og_description":"Por Daniel J. Yakes, Ph.D. y Connie Navarro Este libro comenz\u00f3 como un proyecto de historia oral realizado en 2007 y 2008 cuyo objetivo era documentar las reubicaciones de los [&hellip;]","og_url":"https:\/\/latinosworkingforthefuture.org\/producto\/a-new-home-in-michigan-the-mexican-american-experience-in-muskegon\/","og_site_name":"Latinos Working For The Future","article_modified_time":"2024-04-04T17:11:54+00:00","og_image":[{"width":800,"height":961,"url":"https:\/\/latinosworkingforthefuture.org\/wp-content\/uploads\/2024\/03\/LWFTF_Shop_Book.jpg","type":"image\/jpeg"}],"twitter_card":"summary_large_image","twitter_misc":{"Tiempo de lectura":"1 minuto"},"schema":{"@context":"https:\/\/schema.org","@graph":[{"@type":"WebPage","@id":"https:\/\/latinosworkingforthefuture.org\/producto\/a-new-home-in-michigan-the-mexican-american-experience-in-muskegon\/","url":"https:\/\/latinosworkingforthefuture.org\/producto\/a-new-home-in-michigan-the-mexican-american-experience-in-muskegon\/","name":"Un nuevo hogar en Michigan: la experiencia mexicano-estadounidense en Muskegon - Latinos Working For The Future","isPartOf":{"@id":"https:\/\/latinosworkingforthefuture.org\/#website"},"primaryImageOfPage":{"@id":"https:\/\/latinosworkingforthefuture.org\/producto\/a-new-home-in-michigan-the-mexican-american-experience-in-muskegon\/#primaryimage"},"image":{"@id":"https:\/\/latinosworkingforthefuture.org\/producto\/a-new-home-in-michigan-the-mexican-american-experience-in-muskegon\/#primaryimage"},"thumbnailUrl":"https:\/\/latinosworkingforthefuture.org\/wp-content\/uploads\/2024\/03\/LWFTF_Shop_Book.jpg","datePublished":"2024-03-26T11:47:48+00:00","dateModified":"2024-04-04T17:11:54+00:00","breadcrumb":{"@id":"https:\/\/latinosworkingforthefuture.org\/producto\/a-new-home-in-michigan-the-mexican-american-experience-in-muskegon\/#breadcrumb"},"inLanguage":"es","potentialAction":[{"@type":"ReadAction","target":["https:\/\/latinosworkingforthefuture.org\/producto\/a-new-home-in-michigan-the-mexican-american-experience-in-muskegon\/"]}]},{"@type":"ImageObject","inLanguage":"es","@id":"https:\/\/latinosworkingforthefuture.org\/producto\/a-new-home-in-michigan-the-mexican-american-experience-in-muskegon\/#primaryimage","url":"https:\/\/latinosworkingforthefuture.org\/wp-content\/uploads\/2024\/03\/LWFTF_Shop_Book.jpg","contentUrl":"https:\/\/latinosworkingforthefuture.org\/wp-content\/uploads\/2024\/03\/LWFTF_Shop_Book.jpg","width":800,"height":961,"caption":"LWFTF Shop Book"},{"@type":"BreadcrumbList","@id":"https:\/\/latinosworkingforthefuture.org\/producto\/a-new-home-in-michigan-the-mexican-american-experience-in-muskegon\/#breadcrumb","itemListElement":[{"@type":"ListItem","position":1,"name":"Home","item":"https:\/\/latinosworkingforthefuture.org\/"},{"@type":"ListItem","position":2,"name":"Shop","item":"https:\/\/latinosworkingforthefuture.org\/shop\/"},{"@type":"ListItem","position":3,"name":"Un nuevo hogar en Michigan: la experiencia mexicano-estadounidense en Muskegon"}]},{"@type":"WebSite","@id":"https:\/\/latinosworkingforthefuture.org\/#website","url":"https:\/\/latinosworkingforthefuture.org\/","name":"Latinos Working For The Future","description":"","publisher":{"@id":"https:\/\/latinosworkingforthefuture.org\/#organization"},"potentialAction":[{"@type":"SearchAction","target":{"@type":"EntryPoint","urlTemplate":"https:\/\/latinosworkingforthefuture.org\/?s={search_term_string}"},"query-input":{"@type":"PropertyValueSpecification","valueRequired":true,"valueName":"search_term_string"}}],"inLanguage":"es"},{"@type":"Organization","@id":"https:\/\/latinosworkingforthefuture.org\/#organization","name":"Latinos Working For The Future","url":"https:\/\/latinosworkingforthefuture.org\/","logo":{"@type":"ImageObject","inLanguage":"es","@id":"https:\/\/latinosworkingforthefuture.org\/#\/schema\/logo\/image\/","url":"https:\/\/latinosworkingforthefuture.org\/wp-content\/uploads\/2024\/03\/LWFTF_Logo-1.jpg","contentUrl":"https:\/\/latinosworkingforthefuture.org\/wp-content\/uploads\/2024\/03\/LWFTF_Logo-1.jpg","width":600,"height":256,"caption":"Latinos Working For The Future"},"image":{"@id":"https:\/\/latinosworkingforthefuture.org\/#\/schema\/logo\/image\/"}}]}},"_links":{"self":[{"href":"https:\/\/latinosworkingforthefuture.org\/es\/wp-json\/wp\/v2\/product\/783","targetHints":{"allow":["GET"]}}],"collection":[{"href":"https:\/\/latinosworkingforthefuture.org\/es\/wp-json\/wp\/v2\/product"}],"about":[{"href":"https:\/\/latinosworkingforthefuture.org\/es\/wp-json\/wp\/v2\/types\/product"}],"wp:featuredmedia":[{"embeddable":true,"href":"https:\/\/latinosworkingforthefuture.org\/es\/wp-json\/wp\/v2\/media\/579"}],"wp:attachment":[{"href":"https:\/\/latinosworkingforthefuture.org\/es\/wp-json\/wp\/v2\/media?parent=783"}],"wp:term":[{"taxonomy":"product_brand","embeddable":true,"href":"https:\/\/latinosworkingforthefuture.org\/es\/wp-json\/wp\/v2\/product_brand?post=783"},{"taxonomy":"product_cat","embeddable":true,"href":"https:\/\/latinosworkingforthefuture.org\/es\/wp-json\/wp\/v2\/product_cat?post=783"},{"taxonomy":"product_tag","embeddable":true,"href":"https:\/\/latinosworkingforthefuture.org\/es\/wp-json\/wp\/v2\/product_tag?post=783"}],"curies":[{"name":"wp","href":"https:\/\/api.w.org\/{rel}","templated":true}]}}